{"id":2757,"date":"2022-05-31T13:03:49","date_gmt":"2022-05-31T13:03:49","guid":{"rendered":"http:\/\/mn-enterprises.de\/?page_id=2757"},"modified":"2023-11-22T17:41:46","modified_gmt":"2023-11-22T15:41:46","slug":"about-us","status":"publish","type":"page","link":"https:\/\/hemmelrath-technologies.de\/en\/ueber-uns-2","title":{"rendered":"About us"},"content":{"rendered":"<div data-elementor-type=\"wp-page\" data-elementor-id=\"2757\" class=\"elementor elementor-2757\" data-elementor-post-type=\"page\">\n\t\t\t\t\t\t<section class=\"elementor-section elementor-top-section elementor-element elementor-element-fa9ff04 elementor-section-full_width elementor-section-height-min-height elementor-section-content-middle elementor-section-height-default elementor-section-items-middle\" data-id=\"fa9ff04\" data-element_type=\"section\" data-e-type=\"section\" id=\"id-top\" data-settings=\"{&quot;background_background&quot;:&quot;classic&quot;}\">\n\t\t\t\t\t\t<div class=\"elementor-container elementor-column-gap-default\">\n\t\t\t\t\t<div class=\"elementor-column elementor-col-100 elementor-top-column elementor-element elementor-element-51e7259\" data-id=\"51e7259\" data-element_type=\"column\" data-e-type=\"column\">\n\t\t\t<div class=\"elementor-widget-wrap elementor-element-populated\">\n\t\t\t\t\t\t<div class=\"elementor-element elementor-element-06ddb95 elementor-align-right elementor-widget__width-auto elementor-fixed elementor-widget elementor-widget-button\" data-id=\"06ddb95\" data-element_type=\"widget\" data-e-type=\"widget\" data-settings=\"{&quot;_position&quot;:&quot;fixed&quot;}\" data-widget_type=\"button.default\">\n\t\t\t\t<div class=\"elementor-widget-container\">\n\t\t\t\t\t\t\t\t\t<div class=\"elementor-button-wrapper\">\n\t\t\t\t\t<a class=\"elementor-button elementor-button-link elementor-size-xs\" href=\"#id-top\">\n\t\t\t\t\t\t<span class=\"elementor-button-content-wrapper\">\n\t\t\t\t\t\t<span class=\"elementor-button-icon\">\n\t\t\t\t<i aria-hidden=\"true\" class=\"fas fa-chevron-up\"><\/i>\t\t\t<\/span>\n\t\t\t\t\t\t\t\t<\/span>\n\t\t\t\t\t<\/a>\n\t\t\t\t<\/div>\n\t\t\t\t\t\t\t\t<\/div>\n\t\t\t\t<\/div>\n\t\t\t\t\t<\/div>\n\t\t<\/div>\n\t\t\t\t\t<\/div>\n\t\t<\/section>\n\t\t\t\t<section class=\"elementor-section elementor-top-section elementor-element elementor-element-33666bc elementor-section-boxed elementor-section-height-default elementor-section-height-default\" data-id=\"33666bc\" data-element_type=\"section\" data-e-type=\"section\" data-settings=\"{&quot;background_background&quot;:&quot;classic&quot;}\">\n\t\t\t\t\t\t<div class=\"elementor-container elementor-column-gap-default\">\n\t\t\t\t\t<div class=\"elementor-column elementor-col-100 elementor-top-column elementor-element elementor-element-bf8965c\" data-id=\"bf8965c\" data-element_type=\"column\" data-e-type=\"column\">\n\t\t\t<div class=\"elementor-widget-wrap elementor-element-populated\">\n\t\t\t\t\t\t<div class=\"elementor-element elementor-element-ca90928 elementor-widget elementor-widget-heading\" data-id=\"ca90928\" data-element_type=\"widget\" data-e-type=\"widget\" data-widget_type=\"heading.default\">\n\t\t\t\t<div class=\"elementor-widget-container\">\n\t\t\t\t\t<h1 class=\"elementor-heading-title elementor-size-default\">Company profile<\/h1>\t\t\t\t<\/div>\n\t\t\t\t<\/div>\n\t\t\t\t\t<\/div>\n\t\t<\/div>\n\t\t\t\t\t<\/div>\n\t\t<\/section>\n\t\t\t\t<section class=\"elementor-section elementor-top-section elementor-element elementor-element-ba70e9b elementor-section-boxed elementor-section-height-default elementor-section-height-default\" data-id=\"ba70e9b\" data-element_type=\"section\" data-e-type=\"section\" data-settings=\"{&quot;background_background&quot;:&quot;classic&quot;}\">\n\t\t\t\t\t\t<div class=\"elementor-container elementor-column-gap-default\">\n\t\t\t\t\t<div class=\"elementor-column elementor-col-100 elementor-top-column elementor-element elementor-element-cb6373b\" data-id=\"cb6373b\" data-element_type=\"column\" data-e-type=\"column\" data-settings=\"{&quot;background_background&quot;:&quot;classic&quot;}\">\n\t\t\t<div class=\"elementor-widget-wrap elementor-element-populated\">\n\t\t\t\t\t\t<div class=\"elementor-element elementor-element-af09fbb elementor-widget elementor-widget-heading\" data-id=\"af09fbb\" data-element_type=\"widget\" data-e-type=\"widget\" data-widget_type=\"heading.default\">\n\t\t\t\t<div class=\"elementor-widget-container\">\n\t\t\t\t\t<h2 class=\"elementor-heading-title elementor-size-default\">Technology, innovation and sustainability characterise the family-run company Hemmelrath Technologies GmbH<\/h2>\t\t\t\t<\/div>\n\t\t\t\t<\/div>\n\t\t\t\t\t<\/div>\n\t\t<\/div>\n\t\t\t\t\t<\/div>\n\t\t<\/section>\n\t\t\t\t<section class=\"elementor-section elementor-top-section elementor-element elementor-element-b6b9d41 elementor-section-boxed elementor-section-height-default elementor-section-height-default\" data-id=\"b6b9d41\" data-element_type=\"section\" data-e-type=\"section\" data-settings=\"{&quot;background_background&quot;:&quot;classic&quot;}\">\n\t\t\t\t\t\t<div class=\"elementor-container elementor-column-gap-default\">\n\t\t\t\t\t<div class=\"elementor-column elementor-col-100 elementor-top-column elementor-element elementor-element-4ce5d7d\" data-id=\"4ce5d7d\" data-element_type=\"column\" data-e-type=\"column\" data-settings=\"{&quot;background_background&quot;:&quot;classic&quot;}\">\n\t\t\t<div class=\"elementor-widget-wrap elementor-element-populated\">\n\t\t\t\t\t\t<div class=\"elementor-element elementor-element-eeaa9a2 elementor-widget elementor-widget-text-editor\" data-id=\"eeaa9a2\" data-element_type=\"widget\" data-e-type=\"widget\" data-widget_type=\"text-editor.default\">\n\t\t\t\t<div class=\"elementor-widget-container\">\n\t\t\t\t\t\t\t\t\t<p>With the introduction of the pioneering modular production technology, the production of paint and coating systems was completely renewed and raised to a new level of quality.<\/p><p>The foundation for establishing the new production process was laid with the commissioning of the first modular factory \"MoFa\" at Hemmelrath Lackfabrik GmbH in 2006. The extraordinary success in the automotive sector highlighted the enormous rationalization potential in all areas of the paint and coatings industry and led to the foundation of Hemmelrath Technologies GmbH in 2012.<\/p><p>With our know-how, we enable the implementation of modular manufacturing technology for companies worldwide.<\/p>\t\t\t\t\t\t\t\t<\/div>\n\t\t\t\t<\/div>\n\t\t\t\t\t<\/div>\n\t\t<\/div>\n\t\t\t\t\t<\/div>\n\t\t<\/section>\n\t\t\t\t<\/div>","protected":false},"excerpt":{"rendered":"<p>Unternehmensprofil Technologie, Innovation und Nachhaltigkeit pr\u00e4gen das familiengef\u00fchrte Unternehmen Hemmelrath Technologies GmbH Mit der Einf\u00fchrung der zukunftsweisenden modularen Fertigungstechnologie wurde die Produktion von Farb- und Lacksystemen von Grund auf erneuert und auf ein bisher nicht dagewesenes Qualit\u00e4tsniveau gehoben. Der Grundstein f\u00fcr die Etablierung des Produktionsprozesses wurde mit der Inbetriebnahme der ersten modularen Fabrik \u201eMoFa\u201c bei [&hellip;]<\/p>\n","protected":false},"author":3,"featured_media":0,"parent":0,"menu_order":0,"comment_status":"closed","ping_status":"closed","template":"elementor_header_footer","meta":{"footnotes":""},"class_list":["post-2757","page","type-page","status-publish","hentry"],"_links":{"self":[{"href":"https:\/\/hemmelrath-technologies.de\/en\/wp-json\/wp\/v2\/pages\/2757","targetHints":{"allow":["GET"]}}],"collection":[{"href":"https:\/\/hemmelrath-technologies.de\/en\/wp-json\/wp\/v2\/pages"}],"about":[{"href":"https:\/\/hemmelrath-technologies.de\/en\/wp-json\/wp\/v2\/types\/page"}],"author":[{"embeddable":true,"href":"https:\/\/hemmelrath-technologies.de\/en\/wp-json\/wp\/v2\/users\/3"}],"replies":[{"embeddable":true,"href":"https:\/\/hemmelrath-technologies.de\/en\/wp-json\/wp\/v2\/comments?post=2757"}],"version-history":[{"count":234,"href":"https:\/\/hemmelrath-technologies.de\/en\/wp-json\/wp\/v2\/pages\/2757\/revisions"}],"predecessor-version":[{"id":5109,"href":"https:\/\/hemmelrath-technologies.de\/en\/wp-json\/wp\/v2\/pages\/2757\/revisions\/5109"}],"wp:attachment":[{"href":"https:\/\/hemmelrath-technologies.de\/en\/wp-json\/wp\/v2\/media?parent=2757"}],"curies":[{"name":"wp","href":"https:\/\/api.w.org\/{rel}","templated":true}]}}