{"id":31,"date":"2022-03-23T09:26:21","date_gmt":"2022-03-23T09:26:21","guid":{"rendered":"http:\/\/mn-enterprises.de\/?page_id=31"},"modified":"2026-03-20T09:47:57","modified_gmt":"2026-03-20T07:47:57","slug":"pie-de-imprenta","status":"publish","type":"page","link":"https:\/\/hemmelrath-technologies.de\/es\/impressum","title":{"rendered":"Pie de imprenta"},"content":{"rendered":"<div data-elementor-type=\"wp-page\" data-elementor-id=\"31\" class=\"elementor elementor-31\" data-elementor-post-type=\"page\">\n\t\t\t\t\t\t<section class=\"elementor-section elementor-top-section elementor-element elementor-element-68aefee elementor-section-full_width elementor-section-height-min-height elementor-section-content-middle elementor-section-height-default elementor-section-items-middle\" data-id=\"68aefee\" data-element_type=\"section\" data-e-type=\"section\" id=\"id-top\" data-settings=\"{&quot;background_background&quot;:&quot;classic&quot;}\">\n\t\t\t\t\t\t<div class=\"elementor-container elementor-column-gap-default\">\n\t\t\t\t\t<div class=\"elementor-column elementor-col-100 elementor-top-column elementor-element elementor-element-3e8227d\" data-id=\"3e8227d\" data-element_type=\"column\" data-e-type=\"column\">\n\t\t\t<div class=\"elementor-widget-wrap elementor-element-populated\">\n\t\t\t\t\t\t<div class=\"elementor-element elementor-element-81df9f3 elementor-align-right elementor-widget__width-auto elementor-fixed elementor-widget elementor-widget-button\" data-id=\"81df9f3\" data-element_type=\"widget\" data-e-type=\"widget\" data-settings=\"{&quot;_position&quot;:&quot;fixed&quot;}\" data-widget_type=\"button.default\">\n\t\t\t\t<div class=\"elementor-widget-container\">\n\t\t\t\t\t\t\t\t\t<div class=\"elementor-button-wrapper\">\n\t\t\t\t\t<a class=\"elementor-button elementor-button-link elementor-size-xs\" href=\"#id-top\">\n\t\t\t\t\t\t<span class=\"elementor-button-content-wrapper\">\n\t\t\t\t\t\t<span class=\"elementor-button-icon\">\n\t\t\t\t<i aria-hidden=\"true\" class=\"fas fa-chevron-up\"><\/i>\t\t\t<\/span>\n\t\t\t\t\t\t\t\t<\/span>\n\t\t\t\t\t<\/a>\n\t\t\t\t<\/div>\n\t\t\t\t\t\t\t\t<\/div>\n\t\t\t\t<\/div>\n\t\t\t\t\t<\/div>\n\t\t<\/div>\n\t\t\t\t\t<\/div>\n\t\t<\/section>\n\t\t\t\t<section class=\"elementor-section elementor-top-section elementor-element elementor-element-85cb67a elementor-section-boxed elementor-section-height-default elementor-section-height-default\" data-id=\"85cb67a\" data-element_type=\"section\" data-e-type=\"section\">\n\t\t\t\t\t\t<div class=\"elementor-container elementor-column-gap-default\">\n\t\t\t\t\t<div class=\"elementor-column elementor-col-100 elementor-top-column elementor-element elementor-element-61785cf\" data-id=\"61785cf\" data-element_type=\"column\" data-e-type=\"column\">\n\t\t\t<div class=\"elementor-widget-wrap elementor-element-populated\">\n\t\t\t\t\t\t<div class=\"elementor-element elementor-element-8c1fab3 elementor-widget elementor-widget-heading\" data-id=\"8c1fab3\" data-element_type=\"widget\" data-e-type=\"widget\" data-widget_type=\"heading.default\">\n\t\t\t\t<div class=\"elementor-widget-container\">\n\t\t\t\t\t<h1 class=\"elementor-heading-title elementor-size-default\">Pie de imprenta<\/h1>\t\t\t\t<\/div>\n\t\t\t\t<\/div>\n\t\t\t\t\t<\/div>\n\t\t<\/div>\n\t\t\t\t\t<\/div>\n\t\t<\/section>\n\t\t\t\t<section class=\"elementor-section elementor-top-section elementor-element elementor-element-4278937 elementor-section-boxed elementor-section-height-default elementor-section-height-default\" data-id=\"4278937\" data-element_type=\"section\" data-e-type=\"section\">\n\t\t\t\t\t\t<div class=\"elementor-container elementor-column-gap-default\">\n\t\t\t\t\t<div class=\"elementor-column elementor-col-100 elementor-top-column elementor-element elementor-element-0770198\" data-id=\"0770198\" data-element_type=\"column\" data-e-type=\"column\">\n\t\t\t<div class=\"elementor-widget-wrap elementor-element-populated\">\n\t\t\t\t\t\t<div class=\"elementor-element elementor-element-1977ce0 elementor-widget elementor-widget-text-editor\" data-id=\"1977ce0\" data-element_type=\"widget\" data-e-type=\"widget\" data-widget_type=\"text-editor.default\">\n\t\t\t\t<div class=\"elementor-widget-container\">\n\t\t\t\t\t\t\t\t\t<h4><strong>Angaben gem\u00e4\u00df DDG:<\/strong><\/h4><h4>Hemmelrath Technologies GmbH<\/h4><p>Dr.-Gammert-Str. 1<br \/>D-63906 Erlenbach am Main<br \/>Gesch\u00e4ftsf\u00fchrer: Tobias Schabel<\/p><p>T\u00e9l: + 49 (0) 9372 94775-0<br \/>Fax: + 49 (0) 9372 94775-323<br \/>Correo electr\u00f3nico:\u00a0<a href=\"mailto:info@hth-tec.de\">info@hth-tec.de<\/a><\/p><p>Domicilio social: 63911 Klingenberg am Main<\/p><p>Registro mercantil: Juzgado municipal de Aschaffenburg, HRB 12071<\/p><p>N\u00famero de identificaci\u00f3n fiscal: DE 283 351 250<\/p><h4>Responsabilidad por los contenidos<\/h4><p>Als Dienstanbieter sind wir f\u00fcr eigene Inhalte auf diesen Seiten nach den allgemeinen Gesetzen verantwortlich, nicht verpflichtet, \u00fcbermittelte oder gespeicherte fremde Informationen zu \u00fcberwachen oder nach Umst\u00e4nden zu forschen, die auf eine rechtswidrige T\u00e4tigkeit hinweisen.<\/p><p>Esto no afecta a las obligaciones de eliminar o bloquear el uso de informaci\u00f3n de conformidad con la legislaci\u00f3n general. Sin embargo, la responsabilidad a este respecto s\u00f3lo ser\u00e1 posible a partir del momento en que tengamos conocimiento de una infracci\u00f3n concreta. En cuanto tengamos conocimiento de tales infracciones, eliminaremos inmediatamente estos contenidos.<\/p><h4>Responsabilidad de los enlaces<\/h4><p>Nuestro sitio web contiene enlaces a sitios web externos de terceros sobre cuyo contenido no tenemos ninguna influencia. Por lo tanto, no podemos aceptar ninguna responsabilidad por este contenido de terceros. El respectivo proveedor u operador de las p\u00e1ginas es siempre responsable del contenido de las p\u00e1ginas enlazadas. Las p\u00e1ginas enlazadas fueron revisadas en el momento de la vinculaci\u00f3n para detectar posibles infracciones legales. En el momento de establecer el enlace no se detectaron contenidos ilegales.<\/p><p>Sin embargo, la supervisi\u00f3n permanente del contenido de las p\u00e1ginas enlazadas no es razonable sin pruebas concretas de una infracci\u00f3n. Si tenemos conocimiento de alguna infracci\u00f3n legal, eliminaremos dichos enlaces inmediatamente.<\/p><h4>Derechos de autor<\/h4><p>Los contenidos y obras creados por los operadores del sitio en estas p\u00e1ginas est\u00e1n sujetos a la legislaci\u00f3n alemana sobre derechos de autor. La reproducci\u00f3n, el procesamiento, la distribuci\u00f3n y cualquier tipo de utilizaci\u00f3n fuera de los l\u00edmites de la ley de derechos de autor requieren el consentimiento por escrito del autor o creador correspondiente. Las descargas y copias de este sitio s\u00f3lo est\u00e1n permitidas para uso privado y no comercial.<\/p><p>En la medida en que el contenido de este sitio no haya sido creado por el operador, se respetan los derechos de autor de terceros. En particular, los contenidos de terceros est\u00e1n etiquetados como tales. No obstante, si tiene conocimiento de una infracci\u00f3n de los derechos de autor, le rogamos que nos lo comunique. Si tenemos conocimiento de alguna infracci\u00f3n, eliminaremos inmediatamente dicho contenido.<\/p>\t\t\t\t\t\t\t\t<\/div>\n\t\t\t\t<\/div>\n\t\t\t\t\t<\/div>\n\t\t<\/div>\n\t\t\t\t\t<\/div>\n\t\t<\/section>\n\t\t\t\t<\/div>","protected":false},"excerpt":{"rendered":"<p>Impressum Angaben gem\u00e4\u00df DDG: Hemmelrath Technologies GmbH Dr.-Gammert-Str. 1D-63906 Erlenbach am MainGesch\u00e4ftsf\u00fchrer: Tobias Schabel Tel: + 49 (0) 9372 94775-0Fax: + 49 (0) 9372 94775-323E-Mail:\u00a0info@hth-tec.de Eingetragener Firmensitz: 63911 Klingenberg am Main Handelsregister: Amtsgericht Aschaffenburg, HRB 12071 Umsatzsteuer-ID: DE 283 351 250 Haftung f\u00fcr Inhalte Als Dienstanbieter sind wir f\u00fcr eigene Inhalte auf diesen Seiten nach [&hellip;]<\/p>\n","protected":false},"author":3,"featured_media":0,"parent":0,"menu_order":0,"comment_status":"closed","ping_status":"closed","template":"elementor_header_footer","meta":{"footnotes":""},"class_list":["post-31","page","type-page","status-publish","hentry"],"_links":{"self":[{"href":"https:\/\/hemmelrath-technologies.de\/es\/wp-json\/wp\/v2\/pages\/31","targetHints":{"allow":["GET"]}}],"collection":[{"href":"https:\/\/hemmelrath-technologies.de\/es\/wp-json\/wp\/v2\/pages"}],"about":[{"href":"https:\/\/hemmelrath-technologies.de\/es\/wp-json\/wp\/v2\/types\/page"}],"author":[{"embeddable":true,"href":"https:\/\/hemmelrath-technologies.de\/es\/wp-json\/wp\/v2\/users\/3"}],"replies":[{"embeddable":true,"href":"https:\/\/hemmelrath-technologies.de\/es\/wp-json\/wp\/v2\/comments?post=31"}],"version-history":[{"count":79,"href":"https:\/\/hemmelrath-technologies.de\/es\/wp-json\/wp\/v2\/pages\/31\/revisions"}],"predecessor-version":[{"id":5217,"href":"https:\/\/hemmelrath-technologies.de\/es\/wp-json\/wp\/v2\/pages\/31\/revisions\/5217"}],"wp:attachment":[{"href":"https:\/\/hemmelrath-technologies.de\/es\/wp-json\/wp\/v2\/media?parent=31"}],"curies":[{"name":"wp","href":"https:\/\/api.w.org\/{rel}","templated":true}]}}