{"id":33,"date":"2022-03-23T09:26:38","date_gmt":"2022-03-23T09:26:38","guid":{"rendered":"http:\/\/mn-enterprises.de\/?page_id=33"},"modified":"2026-03-20T09:51:24","modified_gmt":"2026-03-20T07:51:24","slug":"proteccion-de-datos","status":"publish","type":"page","link":"https:\/\/hemmelrath-technologies.de\/es\/datenschutz","title":{"rendered":"Protecci\u00f3n de datos"},"content":{"rendered":"<div data-elementor-type=\"wp-page\" data-elementor-id=\"33\" class=\"elementor elementor-33\" data-elementor-post-type=\"page\">\n\t\t\t\t\t\t<section class=\"elementor-section elementor-top-section elementor-element elementor-element-3d0cb8a elementor-section-full_width elementor-section-height-min-height elementor-section-content-middle elementor-section-height-default elementor-section-items-middle\" data-id=\"3d0cb8a\" data-element_type=\"section\" data-e-type=\"section\" id=\"id-top\" data-settings=\"{&quot;background_background&quot;:&quot;classic&quot;}\">\n\t\t\t\t\t\t<div class=\"elementor-container elementor-column-gap-default\">\n\t\t\t\t\t<div class=\"elementor-column elementor-col-100 elementor-top-column elementor-element elementor-element-af45293\" data-id=\"af45293\" data-element_type=\"column\" data-e-type=\"column\">\n\t\t\t<div class=\"elementor-widget-wrap elementor-element-populated\">\n\t\t\t\t\t\t<div class=\"elementor-element elementor-element-9f8f241 elementor-align-right elementor-widget__width-auto elementor-fixed elementor-widget elementor-widget-button\" data-id=\"9f8f241\" data-element_type=\"widget\" data-e-type=\"widget\" data-settings=\"{&quot;_position&quot;:&quot;fixed&quot;}\" data-widget_type=\"button.default\">\n\t\t\t\t<div class=\"elementor-widget-container\">\n\t\t\t\t\t\t\t\t\t<div class=\"elementor-button-wrapper\">\n\t\t\t\t\t<a class=\"elementor-button elementor-button-link elementor-size-xs\" href=\"#id-top\">\n\t\t\t\t\t\t<span class=\"elementor-button-content-wrapper\">\n\t\t\t\t\t\t<span class=\"elementor-button-icon\">\n\t\t\t\t<i aria-hidden=\"true\" class=\"fas fa-chevron-up\"><\/i>\t\t\t<\/span>\n\t\t\t\t\t\t\t\t<\/span>\n\t\t\t\t\t<\/a>\n\t\t\t\t<\/div>\n\t\t\t\t\t\t\t\t<\/div>\n\t\t\t\t<\/div>\n\t\t\t\t\t<\/div>\n\t\t<\/div>\n\t\t\t\t\t<\/div>\n\t\t<\/section>\n\t\t\t\t<section class=\"elementor-section elementor-top-section elementor-element elementor-element-4202e1f elementor-section-boxed elementor-section-height-default elementor-section-height-default\" data-id=\"4202e1f\" data-element_type=\"section\" data-e-type=\"section\">\n\t\t\t\t\t\t<div class=\"elementor-container elementor-column-gap-default\">\n\t\t\t\t\t<div class=\"elementor-column elementor-col-100 elementor-top-column elementor-element elementor-element-191f6a3\" data-id=\"191f6a3\" data-element_type=\"column\" data-e-type=\"column\">\n\t\t\t<div class=\"elementor-widget-wrap elementor-element-populated\">\n\t\t\t\t\t\t<div class=\"elementor-element elementor-element-64003a7 elementor-widget elementor-widget-heading\" data-id=\"64003a7\" data-element_type=\"widget\" data-e-type=\"widget\" data-widget_type=\"heading.default\">\n\t\t\t\t<div class=\"elementor-widget-container\">\n\t\t\t\t\t<h1 class=\"elementor-heading-title elementor-size-default\">Pol\u00edtica de privacidad<\/h1>\t\t\t\t<\/div>\n\t\t\t\t<\/div>\n\t\t\t\t\t<\/div>\n\t\t<\/div>\n\t\t\t\t\t<\/div>\n\t\t<\/section>\n\t\t\t\t<section class=\"elementor-section elementor-top-section elementor-element elementor-element-dacfe90 elementor-section-boxed elementor-section-height-default elementor-section-height-default\" data-id=\"dacfe90\" data-element_type=\"section\" data-e-type=\"section\">\n\t\t\t\t\t\t<div class=\"elementor-container elementor-column-gap-default\">\n\t\t\t\t\t<div class=\"elementor-column elementor-col-100 elementor-top-column elementor-element elementor-element-60a8f7e\" data-id=\"60a8f7e\" data-element_type=\"column\" data-e-type=\"column\">\n\t\t\t<div class=\"elementor-widget-wrap elementor-element-populated\">\n\t\t\t\t\t\t<div class=\"elementor-element elementor-element-024ee70 elementor-widget elementor-widget-text-editor\" data-id=\"024ee70\" data-element_type=\"widget\" data-e-type=\"widget\" data-widget_type=\"text-editor.default\">\n\t\t\t\t<div class=\"elementor-widget-container\">\n\t\t\t\t\t\t\t\t\t<h4>I. Nombre y datos de contacto del responsable del tratamiento y del delegado de protecci\u00f3n de datos de la empresa<\/h4><p>Esta pol\u00edtica de privacidad se aplica al tratamiento de datos personales por:<\/p><p>Hemmelrath Technologies GmbH<\/p><p>Dr.-Gammert-Str. 1<br \/>D-63906 Erlenbach a.Main<br \/>T\u00e9l: + 49 (0) 9372 94775-0<br \/>Fax: + 49 (0) 9372 94775 323<br \/><a href=\"mailto:info@hth-tec.de\">info@hth-tec.de<\/a><\/p><p>Puede ponerse en contacto con el responsable de protecci\u00f3n de datos de nuestra empresa en la siguiente direcci\u00f3n:<\/p><p>Mainsite GmbH &amp; Co. KG<br \/>Sr. Klaus Lebert<br \/><a href=\"mailto:klaus.lebert@mainsite.de\">klaus.lebert@mainsite.de<\/a><br \/>Industrie Center Obernburg<br \/>63784 Obernburg<\/p>\t\t\t\t\t\t\t\t<\/div>\n\t\t\t\t<\/div>\n\t\t\t\t<div class=\"elementor-element elementor-element-7460376 elementor-widget elementor-widget-text-editor\" data-id=\"7460376\" data-element_type=\"widget\" data-e-type=\"widget\" data-widget_type=\"text-editor.default\">\n\t\t\t\t<div class=\"elementor-widget-container\">\n\t\t\t\t\t\t\t\t\t<h4>II. Acceso al sitio web y creaci\u00f3n de archivos de registro<\/h4>\nCada vez que visita nuestro sitio web www.hemmelrath-technologies.de, nuestro sistema recopila autom\u00e1ticamente datos e informaci\u00f3n del sistema inform\u00e1tico de su dispositivo final. Esta informaci\u00f3n se almacena temporalmente en un denominado archivo de registro. Se recogen los siguientes datos Direcci\u00f3n IP, fecha y hora de acceso, URL de referencia, navegador (tipo y versi\u00f3n) y sistema operativo. Esta informaci\u00f3n es procesada por nosotros para analizar la seguridad y estabilidad del sistema y para otros fines administrativos, en particular para an\u00e1lisis estad\u00edsticos. La base jur\u00eddica para el tratamiento de datos es el art\u00edculo 6, apartado 1, frase 1, letra f) del GDPR. Nuestro inter\u00e9s leg\u00edtimo reside en garantizar la fiabilidad del sistema y mejorar la experiencia del usuario. Tratamos los datos de forma anonimizada y seudonimizada. Los datos se suprimen en cuanto dejan de ser necesarios para los fines indicados.\t\t\t\t\t\t\t\t<\/div>\n\t\t\t\t<\/div>\n\t\t\t\t<div class=\"elementor-element elementor-element-6150078 elementor-widget elementor-widget-text-editor\" data-id=\"6150078\" data-element_type=\"widget\" data-e-type=\"widget\" data-widget_type=\"text-editor.default\">\n\t\t\t\t<div class=\"elementor-widget-container\">\n\t\t\t\t\t\t\t\t\t<h4>III. Cookies<\/h4>\nEn nuestro sitio web\u00a0<a href=\"https:\/\/hemmelrath-technologies.de\/es\/\">www.hemmelrath-technologies.de<\/a>\u00a0utilizamos las llamadas cookies. Se trata de archivos de texto que su navegador crea autom\u00e1ticamente y que se almacenan en su dispositivo final. Procesan informaci\u00f3n que se genera en relaci\u00f3n con el dispositivo final espec\u00edfico utilizado. La finalidad de las cookies utilizadas es mejorar la experiencia del usuario en nuestro sitio web. El tratamiento de datos se lleva a cabo sobre la base del Art. 6 p\u00e1rrafo 1 frase 1 lit. f GDPR. Nuestro inter\u00e9s leg\u00edtimo reside en optimizar nuestra oferta para el usuario.\nEn nuestro sitio web utilizamos cookies de sesi\u00f3n para reconocer las p\u00e1ginas individuales que ya ha visitado. Estas cookies se eliminan autom\u00e1ticamente cuando abandona nuestro sitio web.\nLa mayor\u00eda de los navegadores aceptan cookies autom\u00e1ticamente, pero a menudo los navegadores pueden configurarse para que no se almacenen cookies en el dispositivo final o para que aparezca un mensaje previo. La desactivaci\u00f3n total de las cookies puede impedir el uso de determinadas funciones de nuestro sitio web.\n<h4>1. Cookie Banner<\/h4>\nUtilizamos la herramienta de consentimiento \"Real Cookie Banner\" para gestionar las cookies y tecnolog\u00edas similares utilizadas (p\u00edxeles de seguimiento, balizas web, etc.) y los consentimientos relacionados. Encontrar\u00e1 informaci\u00f3n detallada sobre el funcionamiento de \"Real Cookie Banner\" en <a href=\"https:\/\/devowl.io\/knowledge-base\/real-cookie-banner-data-processing\/\" target=\"_blank\" rel=\"noopener noreferrer\">https:\/\/devowl.io\/knowledge-base\/real-cookie-banner-data-processing\/<\/a>.\nLa base jur\u00eddica para el tratamiento de datos personales en este contexto es el Art. 6 p\u00e1rrafo 1 lit. c GDPR y el Art. 6 p\u00e1rrafo 1 lit. f GDPR. Nuestro inter\u00e9s leg\u00edtimo es la gesti\u00f3n de las cookies y tecnolog\u00edas similares utilizadas y los consentimientos relacionados.\nEl suministro de datos personales no es obligatorio ni necesario para la celebraci\u00f3n de un contrato. Usted no est\u00e1 obligado a facilitar los datos personales. Si no los facilita, no podremos gestionar su consentimiento.\t\t\t\t\t\t\t\t<\/div>\n\t\t\t\t<\/div>\n\t\t\t\t<div class=\"elementor-element elementor-element-29bd7e7 elementor-widget elementor-widget-text-editor\" data-id=\"29bd7e7\" data-element_type=\"widget\" data-e-type=\"widget\" data-widget_type=\"text-editor.default\">\n\t\t\t\t<div class=\"elementor-widget-container\">\n\t\t\t\t\t\t\t\t\t<h4>IV. Google Maps<\/h4>\nUtilizamos Google Maps en nuestro sitio web para ofrecerle una presentaci\u00f3n atractiva de los mapas. Google Maps es operado por Google, Inc (\"Google\"). Advertimos de que es posible que se recurra a servidores externos de Google en EE.UU. a trav\u00e9s de este uso. Actualmente desconocemos si Google registra esta solicitud del servidor y la utiliza posteriormente. No obstante, suponemos que la informaci\u00f3n sobre protecci\u00f3n de datos de Google tambi\u00e9n se aplica a este respecto (<a href=\"https:\/\/policies.google.com\/privacy?hl=en\">https:\/\/policies.google.com\/privacy?hl=en<\/a>). Por lo tanto, su direcci\u00f3n IP se almacenar\u00e1 durante un per\u00edodo de varios meses en cualquier caso. Lo mismo se aplica a los elementos Java Script que pueden ser cargados por los servidores de Google por motivos de compatibilidad del navegador. Google Maps se utiliza sobre la base del art. 6 p\u00e1rr. 1 frase 1 lit. f GDPR con el fin de visualizar la sede de nuestra empresa para salvaguardar nuestros intereses leg\u00edtimos en una presentaci\u00f3n atractiva de los mapas.\t\t\t\t\t\t\t\t<\/div>\n\t\t\t\t<\/div>\n\t\t\t\t<div class=\"elementor-element elementor-element-d730899 elementor-widget elementor-widget-text-editor\" data-id=\"d730899\" data-element_type=\"widget\" data-e-type=\"widget\" data-widget_type=\"text-editor.default\">\n\t\t\t\t<div class=\"elementor-widget-container\">\n\t\t\t\t\t\t\t\t\t<h4>V. Transmisi\u00f3n de datos<\/h4>\nSus datos personales no se transmitir\u00e1n a terceros para fines distintos de los enumerados a continuaci\u00f3n. S\u00f3lo transmitimos sus datos personales a terceros si:\n<ul>\n \t<li>ha dado su consentimiento expreso para ello de conformidad con el art. 6 p\u00e1rr. 1 frase 1 lit. a GDPR,<\/li>\n \t<li>la divulgaci\u00f3n de conformidad con el Art. 6 p\u00e1rrafo 1 frase 1 lit. f GDPR es necesaria para la afirmaci\u00f3n, el ejercicio o la defensa de reclamaciones legales y no hay raz\u00f3n para suponer que usted tiene un inter\u00e9s superior digno de protecci\u00f3n en no revelar sus datos,<\/li>\n \t<li>la divulgaci\u00f3n con arreglo al art\u00edculo 6, apartado 1, frase 1, letra c) del RGPD se basa en una obligaci\u00f3n legal, y<\/li>\n \t<li>esto es legalmente permisible y necesario para el procesamiento de las relaciones contractuales con usted de conformidad con el Art. 6 p\u00e1rrafo 1 frase 1 lit. b GDPR.<\/li>\n<\/ul>\t\t\t\t\t\t\t\t<\/div>\n\t\t\t\t<\/div>\n\t\t\t\t<div class=\"elementor-element elementor-element-d3b98e2 elementor-widget elementor-widget-text-editor\" data-id=\"d3b98e2\" data-element_type=\"widget\" data-e-type=\"widget\" data-widget_type=\"text-editor.default\">\n\t\t\t\t<div class=\"elementor-widget-container\">\n\t\t\t\t\t\t\t\t\t<h4>VI. Derechos del interesado<\/h4>\nSi se procesan sus datos personales, usted es un interesado en el sentido del GDPR y tiene los siguientes derechos frente a nosotros como responsables del tratamiento:\n<h4>1. derecho a la informaci\u00f3n<\/h4>\nDe conformidad con el art\u00edculo 15 del RGPD, tiene derecho a solicitar informaci\u00f3n sobre sus datos personales tratados por nosotros. En particular, puede solicitar informaci\u00f3n sobre los fines del tratamiento, las categor\u00edas de datos personales en cuesti\u00f3n, las categor\u00edas de destinatarios a los que se han comunicado o se comunicar\u00e1n sus datos, el per\u00edodo de almacenamiento previsto, la existencia de un derecho de rectificaci\u00f3n, supresi\u00f3n, limitaci\u00f3n del tratamiento u oposici\u00f3n, la existencia de un derecho de recurso, el origen de sus datos si no fueron recogidos por nosotros, as\u00ed como la existencia de una toma de decisiones automatizada, incluida la elaboraci\u00f3n de perfiles y, si procede, informaci\u00f3n significativa sobre sus detalles. Tiene derecho a solicitar informaci\u00f3n sobre si los datos personales que le conciernen se transfieren a un tercer pa\u00eds o a una organizaci\u00f3n internacional. En este contexto, puede solicitar que se le informe de las garant\u00edas adecuadas con arreglo al art\u00edculo 46 del RGPD en relaci\u00f3n con la transferencia.\n<h4>2. derecho de rectificaci\u00f3n<\/h4>\nDe conformidad con el art\u00edculo 16 del RGPD, usted tiene derecho a rectificar y\/o completar sus datos personales tratados por nosotros si son incorrectos o incompletos. Como responsables del tratamiento, debemos realizar la rectificaci\u00f3n sin demoras indebidas.\n<h4>3. derecho a la limitaci\u00f3n del tratamiento<\/h4>\nDe conformidad con el art\u00edculo 18 del RGPD, usted tiene derecho a solicitar la limitaci\u00f3n del tratamiento de sus datos personales si impugna la exactitud de los mismos, el tratamiento es il\u00edcito, pero se niega a suprimirlos y ya no necesitamos los datos, pero usted los necesita para la formulaci\u00f3n, el ejercicio o la defensa de reclamaciones legales o ha presentado una objeci\u00f3n al tratamiento de conformidad con el art\u00edculo 21 del RGPD.\n<h4>4. derecho de anulaci\u00f3n<\/h4>\nDe conformidad con el art\u00edculo 17 del RGPD, tiene derecho a solicitar la supresi\u00f3n de sus datos personales almacenados por nosotros, a menos que el tratamiento sea necesario para el ejercicio del derecho a la libertad de expresi\u00f3n e informaci\u00f3n, para el cumplimiento de una obligaci\u00f3n legal, por razones de inter\u00e9s p\u00fablico o para la afirmaci\u00f3n, el ejercicio o la defensa de reclamaciones legales.\n<h4>5. derecho a la informaci\u00f3n<\/h4>\nSi ha hecho valer su derecho de rectificaci\u00f3n, supresi\u00f3n o limitaci\u00f3n del tratamiento frente a nosotros como responsables del tratamiento, estamos obligados a notificar esta rectificaci\u00f3n o supresi\u00f3n de los datos o limitaci\u00f3n del tratamiento a todos los destinatarios a los que se hayan comunicado los datos personales que le conciernen, a menos que esto resulte imposible o suponga un esfuerzo desproporcionado. Como responsable del tratamiento, usted tiene derecho a ser informado sobre estos destinatarios.\n<h4>6. derecho a la portabilidad de los datos<\/h4>\nDe conformidad con el art\u00edculo 20 del RGPD, tiene derecho a recibir los datos personales que nos haya facilitado en un formato estructurado, de uso com\u00fan y lectura mec\u00e1nica, o a solicitar que se transfieran a otro responsable del tratamiento.\n<h4>7. derecho de oposici\u00f3n<\/h4>\nDe conformidad con el art. 21 del RGPD, usted tiene derecho a oponerse en cualquier momento al tratamiento de los datos personales que le conciernen por motivos derivados de su situaci\u00f3n particular, siempre que el tratamiento de datos se lleve a cabo sobre la base del art. 6, apartado 1, letra f) del RGPD. El derecho de oposici\u00f3n tambi\u00e9n puede ejercerse contra la publicidad directa, que nosotros aplicamos sin especificar una situaci\u00f3n particular.\n<h4>8. derecho a revocar la declaraci\u00f3n de consentimiento en virtud de la ley de protecci\u00f3n de datos<\/h4>\nDe conformidad con el art\u00edculo 7, apartado 3, del RGPD, usted tiene derecho a retirar en cualquier momento su declaraci\u00f3n de consentimiento en virtud de la ley de protecci\u00f3n de datos. La retirada del consentimiento no afecta a la legalidad del tratamiento basado en el consentimiento antes de su retirada. Si desea ejercer su derecho de revocaci\u00f3n u oposici\u00f3n, simplemente env\u00ede una carta a: Mainsite GmbH &amp; Co. KG, Sr. Klaus Lebert, Industrie Center Obernburg, 63784 Obernburg.\n<h4>9. toma de decisiones automatizada en casos individuales, incluida la elaboraci\u00f3n de perfiles<\/h4>\nDe conformidad con el art\u00edculo 22, apartado 1, del RGPD, usted tiene derecho a no ser objeto de una decisi\u00f3n basada \u00fanicamente en el tratamiento automatizado -incluida la elaboraci\u00f3n de perfiles- que produzca efectos jur\u00eddicos sobre usted o le afecte de manera similar.\n<h4>10. derecho a presentar una reclamaci\u00f3n ante una autoridad de control<\/h4>\nSin perjuicio de cualquier otro recurso administrativo o judicial, tiene derecho a presentar una reclamaci\u00f3n ante una autoridad de control de conformidad con el art\u00edculo 77 del RGPD si considera que el tratamiento de los datos personales que le conciernen infringe el RGPD. Puede ponerse en contacto con la autoridad de control del Estado miembro de su residencia habitual, lugar de trabajo o lugar de la presunta infracci\u00f3n.\t\t\t\t\t\t\t\t<\/div>\n\t\t\t\t<\/div>\n\t\t\t\t<div class=\"elementor-element elementor-element-5568fd7 elementor-widget elementor-widget-text-editor\" data-id=\"5568fd7\" data-element_type=\"widget\" data-e-type=\"widget\" data-widget_type=\"text-editor.default\">\n\t\t\t\t<div class=\"elementor-widget-container\">\n\t\t\t\t\t\t\t\t\t<h4>VII. Google Analytics<\/h4><p>Este sitio web utiliza funciones del servicio de an\u00e1lisis web Google Analytics. El proveedor es Google Ireland Limited (\"Google\"), Gordon House, Barrow Street, Dubl\u00edn 4, Irlanda.<\/p><p>Google Analytics permite al operador del sitio web analizar el comportamiento de los visitantes del sitio web. Para ello, el operador del sitio web recibe diversos datos de uso, como p\u00e1ginas vistas, duraci\u00f3n de la visita, sistemas operativos utilizados y origen del usuario. Estos datos se asignan al dispositivo final del usuario. No se asignan a una identificaci\u00f3n de usuario.<\/p><p>Tambi\u00e9n podemos utilizar Google Analytics para registrar, entre otras cosas, los movimientos y clics del rat\u00f3n y del scroll. Google Analytics tambi\u00e9n utiliza varios enfoques de modelado para complementar los registros de datos registrados y utiliza tecnolog\u00edas de aprendizaje autom\u00e1tico para el an\u00e1lisis de datos.<br \/>Google Analytics utiliza tecnolog\u00edas que permiten reconocer al usuario con el fin de analizar su comportamiento (por ejemplo, cookies o huellas dactilares de dispositivos). La informaci\u00f3n recopilada por Google sobre el uso de este sitio web se transmite generalmente a un servidor de Google en EE.UU. y se almacena all\u00ed.<br \/>Die Nutzung dieses Dienstes erfolgt auf Grundlage Ihrer Einwilligung nach Art. 6 Abs. 1 lit. a DSGVO und \u00a7 25 Abs. 1 TDDDG. Die Einwilligung ist jederzeit widerrufbar.<\/p><p>La transferencia de datos a Estados Unidos se basa en las cl\u00e1usulas contractuales tipo de la Comisi\u00f3n Europea.<br \/>Encontrar\u00e1 m\u00e1s informaci\u00f3n aqu\u00ed:\u00a0<a href=\"https:\/\/privacy.google.com\/businesses\/controllerterms\/mccs\/\">https:\/\/privacy.google.com\/businesses\/controllerterms\/mccs\/<\/a>.<\/p>\t\t\t\t\t\t\t\t<\/div>\n\t\t\t\t<\/div>\n\t\t\t\t<div class=\"elementor-element elementor-element-3c917ca elementor-widget elementor-widget-text-editor\" data-id=\"3c917ca\" data-element_type=\"widget\" data-e-type=\"widget\" data-widget_type=\"text-editor.default\">\n\t\t\t\t<div class=\"elementor-widget-container\">\n\t\t\t\t\t\t\t\t\t<h4>VIII. Hosting<\/h4><p>Utilizamos los servicios de 1&amp;1 IONOS SE (1&amp;1 IONOS SE, Elgendorfer Str. 57, 56410 Montabaur, Alemania) para alojar el sitio web. 1&amp;1 IONOS SE act\u00faa como nuestro procesador de acuerdo con el Art. 28 GDPR.<\/p>\t\t\t\t\t\t\t\t<\/div>\n\t\t\t\t<\/div>\n\t\t\t\t<div class=\"elementor-element elementor-element-b80a170 elementor-widget elementor-widget-text-editor\" data-id=\"b80a170\" data-element_type=\"widget\" data-e-type=\"widget\" data-widget_type=\"text-editor.default\">\n\t\t\t\t<div class=\"elementor-widget-container\">\n\t\t\t\t\t\t\t\t\t<h4>IX. Externe Inhalte<\/h4><p>Integramos fuentes del proveedor externo www.fonts.com (Monotype GmbH, Werner-Reimers-Stra\u00dfe 2-4, 61352 Bad Homburg, info@fonts.com) y www.fonts.google.com (Google LLC, 1600 Amphitheatre Parkway, Mountain View, CA 94043, EE.UU.) en nuestro sitio web. La pol\u00edtica de privacidad del sitio web www.fonts.com puede consultarse aqu\u00ed:\u00a0<a href=\"https:\/\/www.monotype.com\/legal\/privacy-policy\">https:\/\/www.monotype.com\/legal\/privacy-policy<\/a>. La pol\u00edtica de privacidad del sitio web www.fonts.google.com puede consultarse aqu\u00ed:\u00a0<a href=\"https:\/\/policies.google.com\/privacy?hl=de&amp;gl=de\">https:\/\/policies.google.com\/privacy?hl=en<\/a><\/p>\t\t\t\t\t\t\t\t<\/div>\n\t\t\t\t<\/div>\n\t\t\t\t<div class=\"elementor-element elementor-element-d900b49 elementor-widget elementor-widget-text-editor\" data-id=\"d900b49\" data-element_type=\"widget\" data-e-type=\"widget\" data-widget_type=\"text-editor.default\">\n\t\t\t\t<div class=\"elementor-widget-container\">\n\t\t\t\t\t\t\t\t\t<h4>X. Datensicherheit<\/h4><p>Utilizamos medidas de seguridad t\u00e9cnicas y organizativas adecuadas para proteger sus datos contra la manipulaci\u00f3n accidental o intencionada, la p\u00e9rdida parcial o total, la destrucci\u00f3n o el acceso no autorizado por parte de terceros. Nuestras medidas de seguridad se mejoran continuamente en funci\u00f3n de los avances tecnol\u00f3gicos.<\/p>\t\t\t\t\t\t\t\t<\/div>\n\t\t\t\t<\/div>\n\t\t\t\t<div class=\"elementor-element elementor-element-b23bd98 elementor-widget elementor-widget-text-editor\" data-id=\"b23bd98\" data-element_type=\"widget\" data-e-type=\"widget\" data-widget_type=\"text-editor.default\">\n\t\t\t\t<div class=\"elementor-widget-container\">\n\t\t\t\t\t\t\t\t\t<h4>XI. Aktualit\u00e4t und \u00c4nderung dieser Datenschutzerkl\u00e4rung<\/h4>\n<p>Diese Datenschutzerkl\u00e4rung ist aktuell g\u00fcltig und hat den Stand M\u00e4rz 2026. Durch die Weiterentwicklung unserer Internetseite oder aufgrund ge\u00e4nderter gesetzlicher beziehungsweise beh\u00f6rdlicher Vorgaben kann es notwendig werden, diese Datenschutzerkl\u00e4rung zu \u00e4ndern. Die jeweils aktuelle Datenschutzerkl\u00e4rung kann jederzeit auf unserer Internetseite abgerufen und ausgedruckt werden.<\/p>\t\t\t\t\t\t\t\t<\/div>\n\t\t\t\t<\/div>\n\t\t\t\t\t<\/div>\n\t\t<\/div>\n\t\t\t\t\t<\/div>\n\t\t<\/section>\n\t\t\t\t<\/div>","protected":false},"excerpt":{"rendered":"<p>Datenschutzerkl\u00e4rung I. Name und Kontaktdaten des f\u00fcr die Verarbeitung Verantwortlichen sowie des betrieblichen Datenschutzbeauftragten Diese Datenschutzerkl\u00e4rung gilt f\u00fcr die Verarbeitung personenbezogener Daten durch: Hemmelrath Technologies GmbH Dr.-Gammert-Str. 1D-63906 Erlenbach a.MainTel: + 49 (0) 9372 94775-0Fax: + 49 (0) 9372 94775 323info@hth-tec.de Der Datenschutzbeauftragte unseres Unternehmens ist unter nachfolgender Adresse zu erreichen: Mainsite GmbH &amp; Co. [&hellip;]<\/p>\n","protected":false},"author":3,"featured_media":0,"parent":0,"menu_order":0,"comment_status":"closed","ping_status":"closed","template":"elementor_header_footer","meta":{"footnotes":""},"class_list":["post-33","page","type-page","status-publish","hentry"],"_links":{"self":[{"href":"https:\/\/hemmelrath-technologies.de\/es\/wp-json\/wp\/v2\/pages\/33","targetHints":{"allow":["GET"]}}],"collection":[{"href":"https:\/\/hemmelrath-technologies.de\/es\/wp-json\/wp\/v2\/pages"}],"about":[{"href":"https:\/\/hemmelrath-technologies.de\/es\/wp-json\/wp\/v2\/types\/page"}],"author":[{"embeddable":true,"href":"https:\/\/hemmelrath-technologies.de\/es\/wp-json\/wp\/v2\/users\/3"}],"replies":[{"embeddable":true,"href":"https:\/\/hemmelrath-technologies.de\/es\/wp-json\/wp\/v2\/comments?post=33"}],"version-history":[{"count":85,"href":"https:\/\/hemmelrath-technologies.de\/es\/wp-json\/wp\/v2\/pages\/33\/revisions"}],"predecessor-version":[{"id":5220,"href":"https:\/\/hemmelrath-technologies.de\/es\/wp-json\/wp\/v2\/pages\/33\/revisions\/5220"}],"wp:attachment":[{"href":"https:\/\/hemmelrath-technologies.de\/es\/wp-json\/wp\/v2\/media?parent=33"}],"curies":[{"name":"wp","href":"https:\/\/api.w.org\/{rel}","templated":true}]}}