{"id":33,"date":"2022-03-23T09:26:38","date_gmt":"2022-03-23T09:26:38","guid":{"rendered":"http:\/\/mn-enterprises.de\/?page_id=33"},"modified":"2026-03-20T09:51:24","modified_gmt":"2026-03-20T07:51:24","slug":"protection-des-donnees","status":"publish","type":"page","link":"https:\/\/hemmelrath-technologies.de\/fr\/datenschutz","title":{"rendered":"Protection des donn\u00e9es"},"content":{"rendered":"<div data-elementor-type=\"wp-page\" data-elementor-id=\"33\" class=\"elementor elementor-33\" data-elementor-post-type=\"page\">\n\t\t\t\t\t\t<section class=\"elementor-section elementor-top-section elementor-element elementor-element-3d0cb8a elementor-section-full_width elementor-section-height-min-height elementor-section-content-middle elementor-section-height-default elementor-section-items-middle\" data-id=\"3d0cb8a\" data-element_type=\"section\" data-e-type=\"section\" id=\"id-top\" data-settings=\"{&quot;background_background&quot;:&quot;classic&quot;}\">\n\t\t\t\t\t\t<div class=\"elementor-container elementor-column-gap-default\">\n\t\t\t\t\t<div class=\"elementor-column elementor-col-100 elementor-top-column elementor-element elementor-element-af45293\" data-id=\"af45293\" data-element_type=\"column\" data-e-type=\"column\">\n\t\t\t<div class=\"elementor-widget-wrap elementor-element-populated\">\n\t\t\t\t\t\t<div class=\"elementor-element elementor-element-9f8f241 elementor-align-right elementor-widget__width-auto elementor-fixed elementor-widget elementor-widget-button\" data-id=\"9f8f241\" data-element_type=\"widget\" data-e-type=\"widget\" data-settings=\"{&quot;_position&quot;:&quot;fixed&quot;}\" data-widget_type=\"button.default\">\n\t\t\t\t<div class=\"elementor-widget-container\">\n\t\t\t\t\t\t\t\t\t<div class=\"elementor-button-wrapper\">\n\t\t\t\t\t<a class=\"elementor-button elementor-button-link elementor-size-xs\" href=\"#id-top\">\n\t\t\t\t\t\t<span class=\"elementor-button-content-wrapper\">\n\t\t\t\t\t\t<span class=\"elementor-button-icon\">\n\t\t\t\t<i aria-hidden=\"true\" class=\"fas fa-chevron-up\"><\/i>\t\t\t<\/span>\n\t\t\t\t\t\t\t\t<\/span>\n\t\t\t\t\t<\/a>\n\t\t\t\t<\/div>\n\t\t\t\t\t\t\t\t<\/div>\n\t\t\t\t<\/div>\n\t\t\t\t\t<\/div>\n\t\t<\/div>\n\t\t\t\t\t<\/div>\n\t\t<\/section>\n\t\t\t\t<section class=\"elementor-section elementor-top-section elementor-element elementor-element-4202e1f elementor-section-boxed elementor-section-height-default elementor-section-height-default\" data-id=\"4202e1f\" data-element_type=\"section\" data-e-type=\"section\">\n\t\t\t\t\t\t<div class=\"elementor-container elementor-column-gap-default\">\n\t\t\t\t\t<div class=\"elementor-column elementor-col-100 elementor-top-column elementor-element elementor-element-191f6a3\" data-id=\"191f6a3\" data-element_type=\"column\" data-e-type=\"column\">\n\t\t\t<div class=\"elementor-widget-wrap elementor-element-populated\">\n\t\t\t\t\t\t<div class=\"elementor-element elementor-element-64003a7 elementor-widget elementor-widget-heading\" data-id=\"64003a7\" data-element_type=\"widget\" data-e-type=\"widget\" data-widget_type=\"heading.default\">\n\t\t\t\t<div class=\"elementor-widget-container\">\n\t\t\t\t\t<h1 class=\"elementor-heading-title elementor-size-default\">D\u00e9claration de confidentialit\u00e9<\/h1>\t\t\t\t<\/div>\n\t\t\t\t<\/div>\n\t\t\t\t\t<\/div>\n\t\t<\/div>\n\t\t\t\t\t<\/div>\n\t\t<\/section>\n\t\t\t\t<section class=\"elementor-section elementor-top-section elementor-element elementor-element-dacfe90 elementor-section-boxed elementor-section-height-default elementor-section-height-default\" data-id=\"dacfe90\" data-element_type=\"section\" data-e-type=\"section\">\n\t\t\t\t\t\t<div class=\"elementor-container elementor-column-gap-default\">\n\t\t\t\t\t<div class=\"elementor-column elementor-col-100 elementor-top-column elementor-element elementor-element-60a8f7e\" data-id=\"60a8f7e\" data-element_type=\"column\" data-e-type=\"column\">\n\t\t\t<div class=\"elementor-widget-wrap elementor-element-populated\">\n\t\t\t\t\t\t<div class=\"elementor-element elementor-element-024ee70 elementor-widget elementor-widget-text-editor\" data-id=\"024ee70\" data-element_type=\"widget\" data-e-type=\"widget\" data-widget_type=\"text-editor.default\">\n\t\t\t\t<div class=\"elementor-widget-container\">\n\t\t\t\t\t\t\t\t\t<h4>I. Nom et coordonn\u00e9es du responsable du traitement et du d\u00e9l\u00e9gu\u00e9 \u00e0 la protection des donn\u00e9es de l'entreprise<\/h4><p>La pr\u00e9sente d\u00e9claration de confidentialit\u00e9 s'applique au traitement des donn\u00e9es \u00e0 caract\u00e8re personnel par :<\/p><p>Hemmelrath Technologies GmbH<\/p><p>Dr.-Gammert-Str. 1<br \/>D-63906 Erlenbach a.Main<br \/>T\u00e9l : + 49 (0) 9372 94775-0<br \/>T\u00e9l\u00e9copieur : + 49 (0) 9372 94775 323<br \/><a href=\"mailto:info@hth-tec.de\">info@hth-tec.de<\/a><\/p><p>Le responsable de la protection des donn\u00e9es de notre entreprise peut \u00eatre contact\u00e9 \u00e0 l'adresse suivante :<\/p><p>Mainsite GmbH &amp; Co. KG<br \/>Monsieur Klaus Lebert<br \/><a href=\"mailto:klaus.lebert@mainsite.de\">klaus.lebert@mainsite.de<\/a><br \/>Industrie Center Obernburg<br \/>63784 Obernburg<\/p>\t\t\t\t\t\t\t\t<\/div>\n\t\t\t\t<\/div>\n\t\t\t\t<div class=\"elementor-element elementor-element-7460376 elementor-widget elementor-widget-text-editor\" data-id=\"7460376\" data-element_type=\"widget\" data-e-type=\"widget\" data-widget_type=\"text-editor.default\">\n\t\t\t\t<div class=\"elementor-widget-container\">\n\t\t\t\t\t\t\t\t\t<h4>II. Consultation du site Internet et cr\u00e9ation de fichiers journaux<\/h4>\nChaque fois que vous consultez notre site Internet www.hemmelrath-technologies.de, notre syst\u00e8me collecte automatiquement des donn\u00e9es et des informations \u00e0 partir du syst\u00e8me informatique de votre terminal. Ces informations sont enregistr\u00e9es temporairement dans ce que l'on appelle un fichier journal. Les donn\u00e9es suivantes sont collect\u00e9es \u00e0 cette occasion : Adresse IP, date et heure de l'acc\u00e8s, URL de r\u00e9f\u00e9rence, navigateur (type et version) et syst\u00e8me d'exploitation. Ces informations sont trait\u00e9es par nos soins pour \u00e9valuer la s\u00e9curit\u00e9 et la stabilit\u00e9 du syst\u00e8me et \u00e0 d'autres fins administratives, notamment \u00e0 des fins d'analyse statistique. La base juridique du traitement des donn\u00e9es est ici l'art. 6, alin\u00e9a 1, phrase 1, lettre f du RGPD. Notre int\u00e9r\u00eat l\u00e9gitime r\u00e9side dans la garantie de la fiabilit\u00e9 du syst\u00e8me et dans l'am\u00e9lioration de l'exp\u00e9rience utilisateur. Nous traitons les donn\u00e9es de mani\u00e8re anonyme et pseudonymis\u00e9e. Les donn\u00e9es sont supprim\u00e9es d\u00e8s qu'elles ne sont plus n\u00e9cessaires aux fins indiqu\u00e9es.\t\t\t\t\t\t\t\t<\/div>\n\t\t\t\t<\/div>\n\t\t\t\t<div class=\"elementor-element elementor-element-6150078 elementor-widget elementor-widget-text-editor\" data-id=\"6150078\" data-element_type=\"widget\" data-e-type=\"widget\" data-widget_type=\"text-editor.default\">\n\t\t\t\t<div class=\"elementor-widget-container\">\n\t\t\t\t\t\t\t\t\t<h4>III. les cookies<\/h4>\nSur notre site internet\u00a0<a href=\"https:\/\/hemmelrath-technologies.de\/fr\/\">www.hemmelrath-technologies.de<\/a>\u00a0nous utilisons des cookies. Il s'agit de fichiers texte que votre navigateur cr\u00e9e automatiquement et qui sont enregistr\u00e9s sur votre terminal. Des informations sont trait\u00e9es en rapport avec le terminal sp\u00e9cifique utilis\u00e9. L'objectif des cookies utilis\u00e9s est d'am\u00e9liorer l'exp\u00e9rience utilisateur de nos pages Internet. Le traitement des donn\u00e9es est effectu\u00e9 sur la base de l'article 6, paragraphe 1, phrase 1, point f du RGPD. Notre int\u00e9r\u00eat l\u00e9gitime r\u00e9side dans l'optimisation de notre offre pour l'utilisateur.\nPour nos pages Internet, nous avons recours \u00e0 ce que l'on appelle des cookies de session afin de reconna\u00eetre les diff\u00e9rentes pages que vous avez d\u00e9j\u00e0 consult\u00e9es. Ceux-ci sont automatiquement supprim\u00e9s apr\u00e8s avoir quitt\u00e9 nos pages.\nLa plupart des navigateurs acceptent automatiquement les cookies, mais il est souvent possible de configurer les navigateurs de mani\u00e8re \u00e0 ce qu'aucun cookie ne soit enregistr\u00e9 sur le terminal ou qu'un avertissement apparaisse auparavant. La d\u00e9sactivation compl\u00e8te des cookies peut entra\u00eener l'impossibilit\u00e9 d'utiliser certaines fonctions de notre site Internet.\n<h4>1. Cookie Banner<\/h4>\nNous utilisons l'outil de consentement \"Real Cookie Banner\" pour g\u00e9rer les cookies et les technologies similaires (pixels de suivi, balises web, etc.) et les consentements y aff\u00e9rents. Tu trouveras des d\u00e9tails sur le fonctionnement de \"Real Cookie Banner\" sous <a href=\"https:\/\/devowl.io\/knowledge-base\/real-cookie-banner-data-processing\/\" target=\"_blank\" rel=\"noopener noreferrer\">https:\/\/devowl.io\/knowledge-base\/real-cookie-banner-data-processing\/<\/a>.\nLes bases juridiques pour le traitement des donn\u00e9es personnelles dans ce contexte sont l'article 6, paragraphe 1, point c) du RGPD et l'article 6, paragraphe 1, point f) du RGPD. Notre int\u00e9r\u00eat l\u00e9gitime est la gestion des cookies et des technologies similaires utilis\u00e9es et des consentements y aff\u00e9rents.\nLa mise \u00e0 disposition des donn\u00e9es personnelles n'est ni prescrite contractuellement ni n\u00e9cessaire \u00e0 la conclusion d'un contrat. Tu n'es pas oblig\u00e9 de fournir les donn\u00e9es personnelles. Si tu ne nous fournis pas les donn\u00e9es personnelles, nous ne pourrons pas g\u00e9rer tes consentements.\t\t\t\t\t\t\t\t<\/div>\n\t\t\t\t<\/div>\n\t\t\t\t<div class=\"elementor-element elementor-element-29bd7e7 elementor-widget elementor-widget-text-editor\" data-id=\"29bd7e7\" data-element_type=\"widget\" data-e-type=\"widget\" data-widget_type=\"text-editor.default\">\n\t\t\t\t<div class=\"elementor-widget-container\">\n\t\t\t\t\t\t\t\t\t<h4>IV. Google Maps<\/h4>\nSur notre site Internet, nous utilisons Google Maps pour vous permettre de visualiser des cartes de mani\u00e8re agr\u00e9able. Google Maps est exploit\u00e9 par Google, Inc. (\"Google\"). Nous attirons votre attention sur le fait que cette utilisation peut entra\u00eener l'appel de serveurs externes de Google aux \u00c9tats-Unis. Nous ne savons pas actuellement si Google enregistre et exploite cette demande de serveur. Nous partons toutefois du principe que les informations sur la protection des donn\u00e9es de Google s'appliquent \u00e9galement \u00e0 cet \u00e9gard (<a href=\"https:\/\/policies.google.com\/privacy?hl=en\">https:\/\/policies.google.com\/privacy?hl=en<\/a>). Il est donc probable que votre adresse IP soit enregistr\u00e9e dans tous les cas pour une p\u00e9riode de plusieurs mois. Il en va de m\u00eame pour les \u00e9l\u00e9ments Java-Script qui pourraient \u00eatre charg\u00e9s par les serveurs Google \u00e0 des fins de compatibilit\u00e9 avec le navigateur. L'utilisation de Google Maps s'effectue sur la base de l'article 6, paragraphe 1, phrase 1, point f du RGPD \u00e0 des fins de visualisation de notre si\u00e8ge social afin de pr\u00e9server nos int\u00e9r\u00eats l\u00e9gitimes \u00e0 une repr\u00e9sentation attrayante des cartes.\t\t\t\t\t\t\t\t<\/div>\n\t\t\t\t<\/div>\n\t\t\t\t<div class=\"elementor-element elementor-element-d730899 elementor-widget elementor-widget-text-editor\" data-id=\"d730899\" data-element_type=\"widget\" data-e-type=\"widget\" data-widget_type=\"text-editor.default\">\n\t\t\t\t<div class=\"elementor-widget-container\">\n\t\t\t\t\t\t\t\t\t<h4>V. Transmission des donn\u00e9es<\/h4>\nVos donn\u00e9es personnelles ne sont pas transmises \u00e0 des tiers \u00e0 des fins autres que celles mentionn\u00e9es ci-dessous. Nous ne transmettons vos donn\u00e9es personnelles \u00e0 des tiers que si :\n<ul>\n \t<li>vous avez donn\u00e9 votre consentement expr\u00e8s conform\u00e9ment \u00e0 l'article 6, paragraphe 1, phrase 1, lettre a du RGPD,<\/li>\n \t<li>la transmission est n\u00e9cessaire, conform\u00e9ment \u00e0 l'article 6, paragraphe 1, premi\u00e8re phrase, point f), du RGPD, pour la constatation, l'exercice ou la d\u00e9fense de droits en justice et qu'il n'existe aucune raison de supposer que vous avez un int\u00e9r\u00eat l\u00e9gitime pr\u00e9pond\u00e9rant \u00e0 ce que vos donn\u00e9es ne soient pas transmises,<\/li>\n \t<li>la transmission est effectu\u00e9e conform\u00e9ment \u00e0 l'article 6, paragraphe 1, phrase 1, lettre c du RGPD en raison d'une obligation l\u00e9gale, ainsi que<\/li>\n \t<li>si cela est autoris\u00e9 par la loi et n\u00e9cessaire \u00e0 l'ex\u00e9cution des relations contractuelles avec vous conform\u00e9ment \u00e0 l'article 6, paragraphe 1, phrase 1, lettre b du RGPD.<\/li>\n<\/ul>\t\t\t\t\t\t\t\t<\/div>\n\t\t\t\t<\/div>\n\t\t\t\t<div class=\"elementor-element elementor-element-d3b98e2 elementor-widget elementor-widget-text-editor\" data-id=\"d3b98e2\" data-element_type=\"widget\" data-e-type=\"widget\" data-widget_type=\"text-editor.default\">\n\t\t\t\t<div class=\"elementor-widget-container\">\n\t\t\t\t\t\t\t\t\t<h4>VI Droits de la personne concern\u00e9e<\/h4>\nSi des donn\u00e9es personnelles vous concernant sont trait\u00e9es, vous \u00eates une personne concern\u00e9e au sens du RGPD et vous disposez des droits suivants \u00e0 notre \u00e9gard en tant que responsable :\n<h4>1. droit d'acc\u00e8s<\/h4>\nConform\u00e9ment \u00e0 l'article 15 du RGPD, vous avez le droit de demander des informations sur les donn\u00e9es \u00e0 caract\u00e8re personnel que nous traitons. Vous pouvez notamment demander des informations sur les finalit\u00e9s du traitement, les cat\u00e9gories de donn\u00e9es \u00e0 caract\u00e8re personnel concern\u00e9es, les cat\u00e9gories de destinataires auxquels vos donn\u00e9es ont \u00e9t\u00e9 ou seront divulgu\u00e9es, la dur\u00e9e de conservation pr\u00e9vue, l'existence d'un droit de rectification, d'effacement, de limitation du traitement ou d'opposition, l'existence d'un droit de recours, l'origine de vos donn\u00e9es si elles n'ont pas \u00e9t\u00e9 collect\u00e9es chez nous, ainsi que l'existence d'une prise de d\u00e9cision automatis\u00e9e, y compris le profilage, et, le cas \u00e9ch\u00e9ant, des informations pertinentes sur les d\u00e9tails de celle-ci. Vous avez le droit de demander si les donn\u00e9es \u00e0 caract\u00e8re personnel vous concernant sont transmises \u00e0 un pays tiers ou \u00e0 une organisation internationale. Dans ce contexte, vous pouvez exiger d'\u00eatre inform\u00e9 des garanties appropri\u00e9es conform\u00e9ment \u00e0 l'article 46 du RGPD en rapport avec le transfert.\n<h4>2. droit de rectification<\/h4>\nConform\u00e9ment \u00e0 l'article 16 du RGPD, vous avez le droit de faire rectifier et\/ou compl\u00e9ter les donn\u00e9es \u00e0 caract\u00e8re personnel que nous avons trait\u00e9es si elles sont inexactes ou incompl\u00e8tes. En tant que responsables, nous devons proc\u00e9der \u00e0 la rectification sans d\u00e9lai.\n<h4>3. droit \u00e0 la limitation du traitement<\/h4>\nConform\u00e9ment \u00e0 l'article 18 du RGPD, vous avez le droit d'exiger la limitation du traitement de vos donn\u00e9es personnelles dans la mesure o\u00f9 vous contestez l'exactitude des donn\u00e9es, o\u00f9 le traitement est ill\u00e9gal mais que vous refusez leur suppression et que nous n'avons plus besoin des donn\u00e9es, mais que vous en avez besoin pour faire valoir, exercer ou d\u00e9fendre des droits juridiques ou que vous vous \u00eates oppos\u00e9 au traitement conform\u00e9ment \u00e0 l'article 21 du RGPD.\n<h4>4. droit \u00e0 l'effacement<\/h4>\nConform\u00e9ment \u00e0 l'article 17 du RGPD, vous avez le droit de demander l'effacement de vos donn\u00e9es personnelles enregistr\u00e9es chez nous, \u00e0 moins que le traitement ne soit n\u00e9cessaire \u00e0 l'exercice du droit \u00e0 la libert\u00e9 d'expression et d'information, au respect d'une obligation l\u00e9gale, pour des raisons d'int\u00e9r\u00eat public ou pour la constatation, l'exercice ou la d\u00e9fense de droits en justice.\n<h4>5. droit \u00e0 l'information<\/h4>\nSi vous avez exerc\u00e9 votre droit de rectification, d'effacement ou de limitation du traitement \u00e0 notre encontre en tant que responsable, nous sommes tenus de communiquer cette rectification ou cet effacement des donn\u00e9es ou cette limitation du traitement \u00e0 tous les destinataires auxquels les donn\u00e9es \u00e0 caract\u00e8re personnel vous concernant ont \u00e9t\u00e9 divulgu\u00e9es, \u00e0 moins que cela ne s'av\u00e8re impossible ou n'implique un effort disproportionn\u00e9. En tant que responsable, vous avez le droit d'\u00eatre inform\u00e9 de ces destinataires.\n<h4>6. droit \u00e0 la portabilit\u00e9 des donn\u00e9es<\/h4>\nConform\u00e9ment \u00e0 l'article 20 du RGPD, vous avez le droit de recevoir les donn\u00e9es \u00e0 caract\u00e8re personnel que vous nous avez fournies dans un format structur\u00e9, couramment utilis\u00e9 et lisible par machine, ou de demander leur transmission \u00e0 un autre responsable.\n<h4>7. droit d'opposition<\/h4>\nConform\u00e9ment \u00e0 l'article 21 du RGPD, vous avez le droit de vous opposer \u00e0 tout moment, pour des raisons tenant \u00e0 votre situation particuli\u00e8re, au traitement des donn\u00e9es \u00e0 caract\u00e8re personnel vous concernant, dans la mesure o\u00f9 le traitement des donn\u00e9es est effectu\u00e9 sur la base de l'article 6, paragraphe 1, point f), du RGPD. Le droit d'opposition peut \u00e9galement \u00eatre exerc\u00e9 contre la publicit\u00e9 directe - ceci est mis en \u0153uvre par nos soins sans indication d'une situation particuli\u00e8re.\n<h4>8. droit de r\u00e9voquer la d\u00e9claration de consentement en mati\u00e8re de protection des donn\u00e9es<\/h4>\nConform\u00e9ment \u00e0 l'article 7, paragraphe 3, du RGPD, vous avez le droit de r\u00e9voquer \u00e0 tout moment votre d\u00e9claration de consentement en mati\u00e8re de protection des donn\u00e9es. La r\u00e9vocation du consentement n'affecte pas la l\u00e9galit\u00e9 du traitement effectu\u00e9 sur la base du consentement jusqu'\u00e0 la r\u00e9vocation. Si vous souhaitez faire usage de votre droit de r\u00e9vocation ou d'opposition, il vous suffit d'envoyer une lettre \u00e0 : Mainsite GmbH &amp; Co. KG, Monsieur Klaus Lebert, Industrie Center Obernburg, 63784 Obernburg.\n<h4>9. D\u00e9cision automatis\u00e9e dans des cas individuels, y compris le profilage<\/h4>\nConform\u00e9ment \u00e0 l'article 22, paragraphe 1, du RGPD, vous avez le droit de ne pas \u00eatre soumis \u00e0 une d\u00e9cision fond\u00e9e exclusivement sur un traitement automatis\u00e9 - y compris le profilage - produisant des effets juridiques \u00e0 votre \u00e9gard ou vous affectant de mani\u00e8re significative de fa\u00e7on similaire.\n<h4>10. droit de d\u00e9poser une plainte aupr\u00e8s d'une autorit\u00e9 de contr\u00f4le<\/h4>\nSans pr\u00e9judice de tout autre recours administratif ou judiciaire, l'article 77 du RGPD vous donne le droit d'introduire une r\u00e9clamation aupr\u00e8s d'une autorit\u00e9 de contr\u00f4le si vous estimez que le traitement des donn\u00e9es \u00e0 caract\u00e8re personnel vous concernant enfreint le RGPD. Pour ce faire, vous pouvez vous adresser \u00e0 l'autorit\u00e9 de contr\u00f4le de l'\u00c9tat membre dans lequel se trouve votre lieu de r\u00e9sidence, votre lieu de travail ou le lieu de l'infraction pr\u00e9sum\u00e9e.\t\t\t\t\t\t\t\t<\/div>\n\t\t\t\t<\/div>\n\t\t\t\t<div class=\"elementor-element elementor-element-5568fd7 elementor-widget elementor-widget-text-editor\" data-id=\"5568fd7\" data-element_type=\"widget\" data-e-type=\"widget\" data-widget_type=\"text-editor.default\">\n\t\t\t\t<div class=\"elementor-widget-container\">\n\t\t\t\t\t\t\t\t\t<h4>VII. Google Analytics<\/h4><p>Ce site web utilise des fonctions du service d'analyse web Google Analytics. Le fournisseur est Google Ireland Limited (\"Google\"), Gordon House, Barrow Street, Dublin 4, Irlande.<\/p><p>Google Analytics permet \u00e0 l'exploitant du site web d'analyser le comportement des visiteurs du site. Pour ce faire, l'exploitant du site web re\u00e7oit diff\u00e9rentes donn\u00e9es d'utilisation, telles que les pages consult\u00e9es, la dur\u00e9e de la visite, les syst\u00e8mes d'exploitation utilis\u00e9s et l'origine de l'utilisateur. Ces donn\u00e9es sont attribu\u00e9es au terminal respectif de l'utilisateur. Il n'y a pas d'attribution \u00e0 un identifiant d'utilisateur.<\/p><p>En outre, Google Analytics nous permet, entre autres, d'enregistrer vos mouvements de souris et de d\u00e9filement ainsi que vos clics. En outre, Google Analytics utilise diff\u00e9rentes approches de mod\u00e9lisation pour compl\u00e9ter les ensembles de donn\u00e9es collect\u00e9s et utilise des technologies d'apprentissage automatique pour l'analyse des donn\u00e9es.<br \/>Google Analytics utilise des technologies qui permettent de reconna\u00eetre l'utilisateur \u00e0 des fins d'analyse du comportement de l'utilisateur (par ex. cookies ou Device-Fingerprinting). Les informations collect\u00e9es par Google sur l'utilisation de ce site web sont g\u00e9n\u00e9ralement transmises \u00e0 un serveur de Google aux \u00c9tats-Unis et y sont enregistr\u00e9es.<br \/>Die Nutzung dieses Dienstes erfolgt auf Grundlage Ihrer Einwilligung nach Art. 6 Abs. 1 lit. a DSGVO und \u00a7 25 Abs. 1 TDDDG. Die Einwilligung ist jederzeit widerrufbar.<\/p><p>Le transfert de donn\u00e9es vers les \u00c9tats-Unis est bas\u00e9 sur les clauses contractuelles types de la Commission europ\u00e9enne.<br \/>Vous trouverez des d\u00e9tails ici :\u00a0<a href=\"https:\/\/privacy.google.com\/businesses\/controllerterms\/mccs\/\">https:\/\/privacy.google.com\/businesses\/controllerterms\/mccs\/<\/a>.<\/p>\t\t\t\t\t\t\t\t<\/div>\n\t\t\t\t<\/div>\n\t\t\t\t<div class=\"elementor-element elementor-element-3c917ca elementor-widget elementor-widget-text-editor\" data-id=\"3c917ca\" data-element_type=\"widget\" data-e-type=\"widget\" data-widget_type=\"text-editor.default\">\n\t\t\t\t<div class=\"elementor-widget-container\">\n\t\t\t\t\t\t\t\t\t<h4>VIII. Hosting<\/h4><p>Pour l'h\u00e9bergement du site Internet, nous utilisons les services de 1&amp;1 IONOS SE (1&amp;1 IONOS SE, Elgendorfer Str. 57, 56410 Montabaur). 1&amp;1 IONOS SE agit ici en tant que notre sous-traitant conform\u00e9ment \u00e0 l'article 28 du RGPD.<\/p>\t\t\t\t\t\t\t\t<\/div>\n\t\t\t\t<\/div>\n\t\t\t\t<div class=\"elementor-element elementor-element-b80a170 elementor-widget elementor-widget-text-editor\" data-id=\"b80a170\" data-element_type=\"widget\" data-e-type=\"widget\" data-widget_type=\"text-editor.default\">\n\t\t\t\t<div class=\"elementor-widget-container\">\n\t\t\t\t\t\t\t\t\t<h4>IX. Externe Inhalte<\/h4><p>Nous int\u00e9grons dans notre site Internet des polices de caract\u00e8res du fournisseur externe www.fonts.com (Monotype GmbH, Werner-Reimers-Stra\u00dfe 2-4, 61352 Bad Homburg, info@fonts.com) et www.fonts.google.com (Google LLC, 1600 Amphitheatre Parkway, Mountain View, CA 94043, USA). La d\u00e9claration de protection des donn\u00e9es pour l'offre de www.fonts.com peut \u00eatre consult\u00e9e ici :\u00a0<a href=\"https:\/\/www.monotype.com\/legal\/privacy-policy\">https:\/\/www.monotype.com\/legal\/privacy-policy<\/a>. La d\u00e9claration de protection des donn\u00e9es pour l'offre de www.fonts.google.com peut \u00eatre consult\u00e9e ici :\u00a0<a href=\"https:\/\/policies.google.com\/privacy?hl=de&amp;gl=de\">https:\/\/policies.google.com\/privacy?hl=en<\/a><\/p>\t\t\t\t\t\t\t\t<\/div>\n\t\t\t\t<\/div>\n\t\t\t\t<div class=\"elementor-element elementor-element-d900b49 elementor-widget elementor-widget-text-editor\" data-id=\"d900b49\" data-element_type=\"widget\" data-e-type=\"widget\" data-widget_type=\"text-editor.default\">\n\t\t\t\t<div class=\"elementor-widget-container\">\n\t\t\t\t\t\t\t\t\t<h4>X. Datensicherheit<\/h4><p>Nous utilisons des mesures de s\u00e9curit\u00e9 techniques et organisationnelles appropri\u00e9es pour prot\u00e9ger vos donn\u00e9es contre les manipulations accidentelles ou intentionnelles, la perte partielle ou totale, la destruction ou l'acc\u00e8s non autoris\u00e9 par des tiers. Nos mesures de s\u00e9curit\u00e9 sont am\u00e9lior\u00e9es en permanence en fonction de l'\u00e9volution technologique.<\/p>\t\t\t\t\t\t\t\t<\/div>\n\t\t\t\t<\/div>\n\t\t\t\t<div class=\"elementor-element elementor-element-b23bd98 elementor-widget elementor-widget-text-editor\" data-id=\"b23bd98\" data-element_type=\"widget\" data-e-type=\"widget\" data-widget_type=\"text-editor.default\">\n\t\t\t\t<div class=\"elementor-widget-container\">\n\t\t\t\t\t\t\t\t\t<h4>XI. Aktualit\u00e4t und \u00c4nderung dieser Datenschutzerkl\u00e4rung<\/h4>\n<p>Diese Datenschutzerkl\u00e4rung ist aktuell g\u00fcltig und hat den Stand M\u00e4rz 2026. Durch die Weiterentwicklung unserer Internetseite oder aufgrund ge\u00e4nderter gesetzlicher beziehungsweise beh\u00f6rdlicher Vorgaben kann es notwendig werden, diese Datenschutzerkl\u00e4rung zu \u00e4ndern. Die jeweils aktuelle Datenschutzerkl\u00e4rung kann jederzeit auf unserer Internetseite abgerufen und ausgedruckt werden.<\/p>\t\t\t\t\t\t\t\t<\/div>\n\t\t\t\t<\/div>\n\t\t\t\t\t<\/div>\n\t\t<\/div>\n\t\t\t\t\t<\/div>\n\t\t<\/section>\n\t\t\t\t<\/div>","protected":false},"excerpt":{"rendered":"<p>Datenschutzerkl\u00e4rung I. Name und Kontaktdaten des f\u00fcr die Verarbeitung Verantwortlichen sowie des betrieblichen Datenschutzbeauftragten Diese Datenschutzerkl\u00e4rung gilt f\u00fcr die Verarbeitung personenbezogener Daten durch: Hemmelrath Technologies GmbH Dr.-Gammert-Str. 1D-63906 Erlenbach a.MainTel: + 49 (0) 9372 94775-0Fax: + 49 (0) 9372 94775 323info@hth-tec.de Der Datenschutzbeauftragte unseres Unternehmens ist unter nachfolgender Adresse zu erreichen: Mainsite GmbH &amp; Co. [&hellip;]<\/p>\n","protected":false},"author":3,"featured_media":0,"parent":0,"menu_order":0,"comment_status":"closed","ping_status":"closed","template":"elementor_header_footer","meta":{"footnotes":""},"class_list":["post-33","page","type-page","status-publish","hentry"],"_links":{"self":[{"href":"https:\/\/hemmelrath-technologies.de\/fr\/wp-json\/wp\/v2\/pages\/33","targetHints":{"allow":["GET"]}}],"collection":[{"href":"https:\/\/hemmelrath-technologies.de\/fr\/wp-json\/wp\/v2\/pages"}],"about":[{"href":"https:\/\/hemmelrath-technologies.de\/fr\/wp-json\/wp\/v2\/types\/page"}],"author":[{"embeddable":true,"href":"https:\/\/hemmelrath-technologies.de\/fr\/wp-json\/wp\/v2\/users\/3"}],"replies":[{"embeddable":true,"href":"https:\/\/hemmelrath-technologies.de\/fr\/wp-json\/wp\/v2\/comments?post=33"}],"version-history":[{"count":85,"href":"https:\/\/hemmelrath-technologies.de\/fr\/wp-json\/wp\/v2\/pages\/33\/revisions"}],"predecessor-version":[{"id":5220,"href":"https:\/\/hemmelrath-technologies.de\/fr\/wp-json\/wp\/v2\/pages\/33\/revisions\/5220"}],"wp:attachment":[{"href":"https:\/\/hemmelrath-technologies.de\/fr\/wp-json\/wp\/v2\/media?parent=33"}],"curies":[{"name":"wp","href":"https:\/\/api.w.org\/{rel}","templated":true}]}}